{"id":3642,"date":"2019-04-01T16:10:37","date_gmt":"2019-04-01T15:10:37","guid":{"rendered":"https:\/\/www.alcazababeach.com\/?page_id=3642"},"modified":"2019-05-28T15:16:41","modified_gmt":"2019-05-28T14:16:41","slug":"contact-form","status":"publish","type":"page","link":"https:\/\/www.alcazababeach.com\/en\/contact-form\/","title":{"rendered":"Contact"},"content":{"rendered":"<div class=\"wpb-content-wrapper\"><p>[vc_row][vc_column width=&#8221;2\/3&#8243;][vc_column_text]\n<div class=\"wpcf7 no-js\" id=\"wpcf7-f473-o1\" lang=\"es-ES\" dir=\"ltr\">\n<div class=\"screen-reader-response\"><p role=\"status\" aria-live=\"polite\" aria-atomic=\"true\"><\/p> <ul><\/ul><\/div>\n<form action=\"\/en\/wp-json\/wp\/v2\/pages\/3642#wpcf7-f473-o1\" method=\"post\" class=\"wpcf7-form init\" aria-label=\"Formulario de contacto\" novalidate=\"novalidate\" data-status=\"init\">\n<div style=\"display: none;\">\n<input type=\"hidden\" name=\"_wpcf7\" value=\"473\" \/>\n<input type=\"hidden\" name=\"_wpcf7_version\" value=\"5.8.5\" \/>\n<input type=\"hidden\" name=\"_wpcf7_locale\" value=\"es_ES\" \/>\n<input type=\"hidden\" name=\"_wpcf7_unit_tag\" value=\"wpcf7-f473-o1\" \/>\n<input type=\"hidden\" name=\"_wpcf7_container_post\" value=\"0\" \/>\n<input type=\"hidden\" name=\"_wpcf7_posted_data_hash\" value=\"\" \/>\n<input type=\"hidden\" name=\"_wpcf7_recaptcha_response\" value=\"\" \/>\n<\/div>\nCONTACT FORM\n\n<label> *Name\n    <span class=\"wpcf7-form-control-wrap\" data-name=\"your-name\"><input size=\"40\" class=\"wpcf7-form-control wpcf7-text wpcf7-validates-as-required\" aria-required=\"true\" aria-invalid=\"false\" placeholder=\"Please fill in your name\" value=\"\" type=\"text\" name=\"your-name\" \/><\/span> <\/label>\n<label> *Email address\n    <span class=\"wpcf7-form-control-wrap\" data-name=\"your-email\"><input size=\"40\" class=\"wpcf7-form-control wpcf7-email wpcf7-validates-as-required wpcf7-text wpcf7-validates-as-email\" aria-required=\"true\" aria-invalid=\"false\" placeholder=\"Please fill in your email address\" value=\"\" type=\"email\" name=\"your-email\" \/><\/span> <\/label>\n<label> *Telephone no.\n<span class=\"wpcf7-form-control-wrap\" data-name=\"telephone-number\"><input size=\"40\" class=\"wpcf7-form-control wpcf7-tel wpcf7-validates-as-required wpcf7-text wpcf7-validates-as-tel\" aria-required=\"true\" aria-invalid=\"false\" placeholder=\"Fill in your telephone number\" value=\"\" type=\"tel\" name=\"telephone-number\" \/><\/span> <\/label>\n<label> *Subject\n    <span class=\"wpcf7-form-control-wrap\" data-name=\"your-subject\"><input size=\"40\" class=\"wpcf7-form-control wpcf7-text wpcf7-validates-as-required\" aria-required=\"true\" aria-invalid=\"false\" placeholder=\"Please fill in\" value=\"\" type=\"text\" name=\"your-subject\" \/><\/span> <\/label>\n<label> *Message\n    <span class=\"wpcf7-form-control-wrap\" data-name=\"your-message\"><textarea cols=\"40\" rows=\"10\" class=\"wpcf7-form-control wpcf7-textarea wpcf7-validates-as-required\" aria-required=\"true\" aria-invalid=\"false\" placeholder=\"Please write your message\" name=\"your-message\"><\/textarea><\/span> <\/label>\n\n<input class=\"wpcf7-form-control wpcf7-submit has-spinner\" type=\"submit\" value=\"Send\" \/> <div class=\"wpcf7-response-output\" aria-hidden=\"true\"><\/div><input type='hidden' class='wpcf7-pum' value='{\"closepopup\":false,\"closedelay\":0,\"openpopup\":false,\"openpopup_id\":0}' \/>\n<\/form>\n<\/div>\n[\/vc_column_text][\/vc_column][vc_column width=&#8221;1\/3&#8243;][vc_column_text]<\/p>\n<h4>Address, phone, localization<\/h4>\n<p>Carretera C\u00e1diz-M\u00e1laga, km. 158<\/p>\n<p>29680 Estepona (M\u00e1laga, Espa\u00f1a)<\/p>\n<p><span class=\".icon-phone-sign\">Tfno. 952 790 819 \/ 952 793 223<br \/>\n<a href=\"mailto:admin@alcazababeach.com\">admin@alcazababeach.com<\/a><\/span>[\/vc_column_text][\/vc_column][\/vc_row]<\/p>\n<\/div>","protected":false},"excerpt":{"rendered":"<p>[vc_row][vc_column width=&#8221;2\/3&#8243;][vc_column_text][\/vc_column_text][\/vc_column][vc_column width=&#8221;1\/3&#8243;][vc_column_text] Address, phone, localization Carretera C\u00e1diz-M\u00e1laga, km. 158 29680 Estepona (M\u00e1laga, Espa\u00f1a) Tfno. 952 790 819 \/ 952 793 223 admin@alcazababeach.com[\/vc_column_text][\/vc_column][\/vc_row]<\/p>\n","protected":false},"author":1,"featured_media":0,"parent":0,"menu_order":0,"comment_status":"closed","ping_status":"closed","template":"","meta":[],"_links":{"self":[{"href":"https:\/\/www.alcazababeach.com\/en\/wp-json\/wp\/v2\/pages\/3642"}],"collection":[{"href":"https:\/\/www.alcazababeach.com\/en\/wp-json\/wp\/v2\/pages"}],"about":[{"href":"https:\/\/www.alcazababeach.com\/en\/wp-json\/wp\/v2\/types\/page"}],"author":[{"embeddable":true,"href":"https:\/\/www.alcazababeach.com\/en\/wp-json\/wp\/v2\/users\/1"}],"replies":[{"embeddable":true,"href":"https:\/\/www.alcazababeach.com\/en\/wp-json\/wp\/v2\/comments?post=3642"}],"version-history":[{"count":6,"href":"https:\/\/www.alcazababeach.com\/en\/wp-json\/wp\/v2\/pages\/3642\/revisions"}],"predecessor-version":[{"id":7793,"href":"https:\/\/www.alcazababeach.com\/en\/wp-json\/wp\/v2\/pages\/3642\/revisions\/7793"}],"wp:attachment":[{"href":"https:\/\/www.alcazababeach.com\/en\/wp-json\/wp\/v2\/media?parent=3642"}],"curies":[{"name":"wp","href":"https:\/\/api.w.org\/{rel}","templated":true}]}}