{"id":2710,"date":"2019-01-25T08:55:32","date_gmt":"2019-01-25T07:55:32","guid":{"rendered":"https:\/\/www.alcazababeach.com\/facilities-alcazaba-beach\/administracion\/"},"modified":"2021-07-29T17:47:46","modified_gmt":"2021-07-29T16:47:46","slug":"administration","status":"publish","type":"page","link":"https:\/\/www.alcazababeach.com\/en\/facilities-alcazaba-beach\/administration\/","title":{"rendered":"Administration"},"content":{"rendered":"<div class=\"wpb-content-wrapper\"><p>[vc_row][vc_column width=&#8221;1\/2&#8243;][vc_column_text]<\/p>\n<h4>Contact details<\/h4>\n<p><span class=\".icon-phone-sign\">Phone: 952 790 819 \/ 952 793 223<br \/>\n<a href=\"mailto:admin@alcazababeach.com\">admin@alcazababeach.com<\/a><\/span><\/p>\n<p>Carretera C\u00e1diz-M\u00e1laga, km. 158<br \/>\n29680 Estepona (M\u00e1laga, Espa\u00f1a)[\/vc_column_text][vc_empty_space alter_height=&#8221;medium&#8221; hide_on_mobile=&#8221;&#8221;][\/vc_column][vc_column width=&#8221;1\/2&#8243;][vc_column_text]<\/p>\n<h4>Bank Account Details<\/h4>\n<p><span style=\"font-size: 12pt;\"><strong>Banco Sabadell Solbank<\/strong><\/span><br \/>\nAvenida Espa\u00f1a 188, Esq Avenida Juan Carlos I, 29680 Estepona<br \/>\nAccount holder: C.P. Agrupaci\u00f3n de Com. de Prop. del C.R. Alcazaba Beach<br \/>\nAccount holder address:\u00a0Alcazaba Beach, Ctra. Nacional 340 km 158, 29680 Estepona<br \/>\nIBAN: ES90 0081 0611 9200 0187 3489<br \/>\nSWIFT CODE: BSABESBBXXX[\/vc_column_text][\/vc_column][\/vc_row][vc_row][vc_column][vc_empty_space alter_height=&#8221;medium&#8221; hide_on_mobile=&#8221;&#8221;][\/vc_column][\/vc_row][vc_row][vc_column width=&#8221;1\/2&#8243;][vc_column_text]<\/p>\n<h4>Opening Hours<\/h4>\n<p><strong>Administration Office<\/strong><br \/>\nMonday to Friday, from 09:00 to 14:00 and from 14:30 a 17:00<br \/>\nOpening hours to the public from 10:00 to 14:00[\/vc_column_text][vc_empty_space alter_height=&#8221;medium&#8221; hide_on_mobile=&#8221;&#8221;][\/vc_column][vc_column width=&#8221;1\/2&#8243;][\/vc_column][\/vc_row][vc_row][vc_column][vc_empty_space alter_height=&#8221;medium&#8221; hide_on_mobile=&#8221;&#8221;][\/vc_column][\/vc_row]<\/p>\n<\/div>","protected":false},"excerpt":{"rendered":"<p>[vc_row][vc_column width=&#8221;1\/2&#8243;][vc_column_text] Contact details Phone: 952 790 819 \/ 952 793 223 admin@alcazababeach.com Carretera C\u00e1diz-M\u00e1laga, km. 158 29680 Estepona (M\u00e1laga, Espa\u00f1a)[\/vc_column_text][vc_empty_space alter_height=&#8221;medium&#8221; hide_on_mobile=&#8221;&#8221;][\/vc_column][vc_column width=&#8221;1\/2&#8243;][vc_column_text] Bank Account Details Banco Sabadell Solbank Avenida Espa\u00f1a 188, Esq Avenida Juan Carlos I, 29680 Estepona Account holder: C.P. Agrupaci\u00f3n de Com. de Prop. del C.R. Alcazaba Beach Account holder address:\u00a0Alcazaba Beach, Ctra. Nacional 340 km&hellip;<\/p>\n","protected":false},"author":596,"featured_media":0,"parent":1812,"menu_order":0,"comment_status":"closed","ping_status":"closed","template":"","meta":[],"_links":{"self":[{"href":"https:\/\/www.alcazababeach.com\/en\/wp-json\/wp\/v2\/pages\/2710"}],"collection":[{"href":"https:\/\/www.alcazababeach.com\/en\/wp-json\/wp\/v2\/pages"}],"about":[{"href":"https:\/\/www.alcazababeach.com\/en\/wp-json\/wp\/v2\/types\/page"}],"author":[{"embeddable":true,"href":"https:\/\/www.alcazababeach.com\/en\/wp-json\/wp\/v2\/users\/596"}],"replies":[{"embeddable":true,"href":"https:\/\/www.alcazababeach.com\/en\/wp-json\/wp\/v2\/comments?post=2710"}],"version-history":[{"count":9,"href":"https:\/\/www.alcazababeach.com\/en\/wp-json\/wp\/v2\/pages\/2710\/revisions"}],"predecessor-version":[{"id":11152,"href":"https:\/\/www.alcazababeach.com\/en\/wp-json\/wp\/v2\/pages\/2710\/revisions\/11152"}],"up":[{"embeddable":true,"href":"https:\/\/www.alcazababeach.com\/en\/wp-json\/wp\/v2\/pages\/1812"}],"wp:attachment":[{"href":"https:\/\/www.alcazababeach.com\/en\/wp-json\/wp\/v2\/media?parent=2710"}],"curies":[{"name":"wp","href":"https:\/\/api.w.org\/{rel}","templated":true}]}}